{"id":545,"date":"2018-07-20T09:53:13","date_gmt":"2018-07-20T09:53:13","guid":{"rendered":"https:\/\/websitedemos.net\/alex14\/?page_id=5"},"modified":"2021-01-29T15:49:56","modified_gmt":"2021-01-29T14:49:56","slug":"home","status":"publish","type":"page","link":"https:\/\/tapisrouge-events.com\/","title":{"rendered":"Accueil"},"content":{"rendered":"\t\t<div data-elementor-type=\"wp-page\" data-elementor-id=\"545\" class=\"elementor elementor-545\" data-elementor-settings=\"[]\">\n\t\t\t\t\t\t<div class=\"elementor-inner\">\n\t\t\t\t\t\t\t<div class=\"elementor-section-wrap\">\n\t\t\t\t\t\t\t<section class=\"elementor-section elementor-top-section elementor-element elementor-element-18e1790 elementor-section-content-middle elementor-section-boxed elementor-section-height-default elementor-section-height-default\" data-id=\"18e1790\" data-element_type=\"section\" data-settings=\"{&quot;background_background&quot;:&quot;classic&quot;}\">\n\t\t\t\t\t\t\t<div class=\"elementor-background-overlay\"><\/div>\n\t\t\t\t\t\t\t<div class=\"elementor-container elementor-column-gap-no\">\n\t\t\t\t\t\t\t<div class=\"elementor-row\">\n\t\t\t\t\t<div class=\"elementor-column elementor-col-50 elementor-top-column elementor-element elementor-element-e2b8185\" data-id=\"e2b8185\" data-element_type=\"column\">\n\t\t\t<div class=\"elementor-column-wrap elementor-element-populated\">\n\t\t\t\t\t\t\t<div class=\"elementor-widget-wrap\">\n\t\t\t\t\t\t<div class=\"elementor-element elementor-element-59f1c25 elementor-widget elementor-widget-text-editor\" data-id=\"59f1c25\" data-element_type=\"widget\" data-widget_type=\"text-editor.default\">\n\t\t\t\t<div class=\"elementor-widget-container\">\n\t\t\t\t\t<div class=\"elementor-text-editor elementor-clearfix\"><p style=\"text-align: center;\">Install\u00e9e \u00e0 Cannes, la soci\u00e9t\u00e9 de production &amp; management <span style=\"color: #f3ac4c;\">MerSea Prod<\/span><br>vous propose de vous accompagner dans la recherche d\u2019artistes nationaux et internationaux.<\/p>\n<p style=\"text-align: center;\"><span style=\"color: #f3ac4c;\">Notre concept :<br><\/span>Vous proposer des concerts en live chez vous, villas et appartements priv\u00e9s. Nous saurons nous adapter \u00e0 votre espace.<br>Un nouveau concept de soir\u00e9es sous le nom de <strong><span class=\"texte-gras\"><span style=\"color: #f3ac4c;\">S<\/span>oir\u00e9es-<span style=\"color: #f3ac4c;\">C<\/span>oncerts-<span style=\"color: #f3ac4c;\">P<\/span>riv\u00e9s <\/span><\/strong>s\u2019offrira \u00e0 vous \u00e0 la plus grande surprise de vos invit\u00e9s.<br>\u00c9galement pour des \u00e9v\u00e8nements corporate, associations, mariages\u2026<\/p>\n<p style=\"text-align: center;\"><span style=\"color: #f3ac4c;\">Notre savoir-faire :<br><\/span>Management \/Production ex\u00e9cutive \/Coordination artistique \/ \u00c9ditions<\/p>\n<p style=\"text-align: center;\"><span style=\"color: #f3ac4c;\">Booking artistes &amp; musiciens :<\/span><br>Roster(\u00e0 la demande)artistes &amp; musiciens de la sc\u00e8ne fran\u00e7aise et internationale.<\/p>\n<p style=\"text-align: center;\"><span style=\"color: #f3ac4c;\">Nos activit\u00e9s :<\/span><br>Recherche de lieux atypiques \/ Rep\u00e9rage du site avant \u00e9v\u00e9nement \/ A disposition mat\u00e9riel technique \/ Gestion des d\u00e9placements et h\u00e9bergements artistes<\/p>\n<p style=\"text-align: center;\"><span style=\"color: #f3ac4c;\">D\u00e9veloppement Artistes&nbsp;:<\/span><br>Nous auditionnons un grand nombre de nouveaux artistes, et d\u00e9veloppons leurs parcours, afin de les produire sur des sc\u00e8nes de festivals et showcase.<\/p>\n<p style=\"text-align: center;\">Nous mettrons tout en \u0153uvre pour vous offrir des performances artistiques de qualit\u00e9s.<br><span style=\"color: #f3ac4c;\">Vous imaginerez, nous r\u00e9aliserons\u2026<\/span><\/p><\/div>\n\t\t\t\t<\/div>\n\t\t\t\t<\/div>\n\t\t\t\t<section class=\"elementor-section elementor-inner-section elementor-element elementor-element-f49be26 elementor-section-boxed elementor-section-height-default elementor-section-height-default\" data-id=\"f49be26\" data-element_type=\"section\">\n\t\t\t\t\t\t<div class=\"elementor-container elementor-column-gap-default\">\n\t\t\t\t\t\t\t<div class=\"elementor-row\">\n\t\t\t\t\t<div class=\"elementor-column elementor-col-100 elementor-inner-column elementor-element elementor-element-6bb8aad\" data-id=\"6bb8aad\" data-element_type=\"column\">\n\t\t\t<div class=\"elementor-column-wrap elementor-element-populated\">\n\t\t\t\t\t\t\t<div class=\"elementor-widget-wrap\">\n\t\t\t\t\t\t<div class=\"elementor-element elementor-element-ce552ac elementor-widget-divider--view-line_text elementor-widget-divider--element-align-left elementor-widget elementor-widget-divider\" data-id=\"ce552ac\" data-element_type=\"widget\" data-widget_type=\"divider.default\">\n\t\t\t\t<div class=\"elementor-widget-container\">\n\t\t\t\t\t<div class=\"elementor-divider\">\n\t\t\t<span class=\"elementor-divider-separator\">\n\t\t\t\t\t\t\t<span class=\"elementor-divider__text elementor-divider__element\">BARCELONE - COURCHEVEL - CAGLIARI - DUBAI - DUBLIN - EILAT - LONDRES - MARRAKECH -  MILAN - MONACO - MOSCOU - PARIS - ST-TROPEZ    <\/span>\n\t\t\t\t\t\t<\/span>\n\t\t<\/div>\n\t\t\t\t<\/div>\n\t\t\t\t<\/div>\n\t\t\t\t\t\t<\/div>\n\t\t\t\t\t<\/div>\n\t\t<\/div>\n\t\t\t\t\t\t\t\t<\/div>\n\t\t\t\t\t<\/div>\n\t\t<\/section>\n\t\t\t\t\t\t<\/div>\n\t\t\t\t\t<\/div>\n\t\t<\/div>\n\t\t\t\t<div class=\"elementor-column elementor-col-50 elementor-top-column elementor-element elementor-element-74ac212\" data-id=\"74ac212\" data-element_type=\"column\">\n\t\t\t<div class=\"elementor-column-wrap elementor-element-populated\">\n\t\t\t\t\t\t\t<div class=\"elementor-widget-wrap\">\n\t\t\t\t\t\t<div class=\"elementor-element elementor-element-22049e6 elementor-widget elementor-widget-image\" data-id=\"22049e6\" data-element_type=\"widget\" data-widget_type=\"image.default\">\n\t\t\t\t<div class=\"elementor-widget-container\">\n\t\t\t\t\t<div class=\"elementor-image\">\n\t\t\t\t\t\t\t\t\t\t<img src=\"https:\/\/tapisrouge-events.com\/wp-content\/uploads\/elementor\/thumbs\/MSP-Vector-New-Gold-4-1-otyfar569yi0hrrqnzzv4djhbudmc3pldurlkdbrd8.png\" title=\"MSP Vector New Gold 4\" alt=\"MSP Vector New Gold 4\" \/>\t\t\t\t\t\t\t\t\t\t\t<\/div>\n\t\t\t\t<\/div>\n\t\t\t\t<\/div>\n\t\t\t\t\t\t<\/div>\n\t\t\t\t\t<\/div>\n\t\t<\/div>\n\t\t\t\t\t\t\t\t<\/div>\n\t\t\t\t\t<\/div>\n\t\t<\/section>\n\t\t\t\t\t\t<\/div>\n\t\t\t\t\t\t<\/div>\n\t\t\t\t\t<\/div>\n\t\t","protected":false},"excerpt":{"rendered":"<p>Install\u00e9e \u00e0 Cannes, la soci\u00e9t\u00e9 de production &amp; management MerSea Prodvous propose de vous accompagner dans la recherche d\u2019artistes nationaux et internationaux. Notre concept :Vous proposer des concerts en live chez vous, villas et appartements priv\u00e9s. Nous saurons nous adapter \u00e0 votre espace.Un nouveau concept de soir\u00e9es sous le nom de Soir\u00e9es-Concerts-Priv\u00e9s s\u2019offrira \u00e0 vous &hellip;<\/p>\n<p class=\"read-more\"> <a class=\"\" href=\"https:\/\/tapisrouge-events.com\/\"> <span class=\"screen-reader-text\">Accueil<\/span> Lire la suite\u00a0\u00bb<\/a><\/p>\n","protected":false},"author":2,"featured_media":0,"parent":0,"menu_order":0,"comment_status":"closed","ping_status":"closed","template":"","meta":[],"_links":{"self":[{"href":"https:\/\/tapisrouge-events.com\/index.php\/wp-json\/wp\/v2\/pages\/545"}],"collection":[{"href":"https:\/\/tapisrouge-events.com\/index.php\/wp-json\/wp\/v2\/pages"}],"about":[{"href":"https:\/\/tapisrouge-events.com\/index.php\/wp-json\/wp\/v2\/types\/page"}],"author":[{"embeddable":true,"href":"https:\/\/tapisrouge-events.com\/index.php\/wp-json\/wp\/v2\/users\/2"}],"replies":[{"embeddable":true,"href":"https:\/\/tapisrouge-events.com\/index.php\/wp-json\/wp\/v2\/comments?post=545"}],"version-history":[{"count":55,"href":"https:\/\/tapisrouge-events.com\/index.php\/wp-json\/wp\/v2\/pages\/545\/revisions"}],"predecessor-version":[{"id":936,"href":"https:\/\/tapisrouge-events.com\/index.php\/wp-json\/wp\/v2\/pages\/545\/revisions\/936"}],"wp:attachment":[{"href":"https:\/\/tapisrouge-events.com\/index.php\/wp-json\/wp\/v2\/media?parent=545"}],"curies":[{"name":"wp","href":"https:\/\/api.w.org\/{rel}","templated":true}]}}